{"id":28193,"date":"2023-10-16T12:16:26","date_gmt":"2023-10-16T12:16:26","guid":{"rendered":"http:\/\/localhost:10010\/carrieres\/"},"modified":"2025-08-25T09:25:45","modified_gmt":"2025-08-25T09:25:45","slug":"careers","status":"publish","type":"page","link":"https:\/\/emlid.com\/fr\/careers\/","title":{"rendered":"Carri\u00e8res"},"content":{"rendered":"","protected":false},"excerpt":{"rendered":"","protected":false},"featured_media":0,"parent":0,"menu_order":0,"comment_status":"closed","ping_status":"closed","template":"pages\/careers.php","meta":{"footnotes":""},"class_list":["post-28193","page","type-page","status-publish","hentry"],"acf":[],"yoast_head":"<!-- This site is optimized with the Yoast SEO Premium plugin v26.3 (Yoast SEO v27.3) - https:\/\/yoast.com\/product\/yoast-seo-premium-wordpress\/ -->\n<title>Carri\u00e8res chez Emlid - rejoignez notre \u00e9quipe<\/title>\n<meta name=\"description\" content=\"D\u00e9couvrez toutes les opportunit\u00e9s de carri\u00e8re chez Emlid et postulez d\u00e8s aujourd&#039;hui. Rejoignez notre \u00e9quipe pour rendre le positionnement de haute pr\u00e9cision accessible \u00e0 tous les professionnels.\" \/>\n<meta name=\"robots\" content=\"index, follow, max-snippet:-1, max-image-preview:large, max-video-preview:-1\" \/>\n<link rel=\"canonical\" href=\"https:\/\/emlid.com\/fr\/careers\/\" \/>\n<meta property=\"og:locale\" content=\"fr_FR\" \/>\n<meta property=\"og:type\" content=\"article\" \/>\n<meta property=\"og:title\" content=\"Carri\u00e8res\" \/>\n<meta property=\"og:description\" content=\"D\u00e9couvrez toutes les opportunit\u00e9s de carri\u00e8re chez Emlid et postulez d\u00e8s aujourd&#039;hui. Rejoignez notre \u00e9quipe pour rendre le positionnement de haute pr\u00e9cision accessible \u00e0 tous les professionnels.\" \/>\n<meta property=\"og:url\" content=\"https:\/\/emlid.com\/fr\/careers\/\" \/>\n<meta property=\"og:site_name\" content=\"Emlid\" \/>\n<meta property=\"article:publisher\" content=\"https:\/\/www.facebook.com\/emlidtech\" \/>\n<meta property=\"article:modified_time\" content=\"2025-08-25T09:25:45+00:00\" \/>\n<meta name=\"twitter:card\" content=\"summary_large_image\" \/>\n<meta name=\"twitter:site\" content=\"@emlid\" \/>\n<script type=\"application\/ld+json\" class=\"yoast-schema-graph\">{\"@context\":\"https:\/\/schema.org\",\"@graph\":[{\"@type\":\"WebPage\",\"@id\":\"https:\/\/emlid.com\/fr\/careers\/\",\"url\":\"https:\/\/emlid.com\/fr\/careers\/\",\"name\":\"Carri\u00e8res chez Emlid - rejoignez notre \u00e9quipe\",\"isPartOf\":{\"@id\":\"https:\/\/emlid.com\/fr\/#website\"},\"datePublished\":\"2023-10-16T12:16:26+00:00\",\"dateModified\":\"2025-08-25T09:25:45+00:00\",\"description\":\"D\u00e9couvrez toutes les opportunit\u00e9s de carri\u00e8re chez Emlid et postulez d\u00e8s aujourd'hui. Rejoignez notre \u00e9quipe pour rendre le positionnement de haute pr\u00e9cision accessible \u00e0 tous les professionnels.\",\"breadcrumb\":{\"@id\":\"https:\/\/emlid.com\/fr\/careers\/#breadcrumb\"},\"inLanguage\":\"fr-FR\",\"potentialAction\":[{\"@type\":\"ReadAction\",\"target\":[\"https:\/\/emlid.com\/fr\/careers\/\"]}]},{\"@type\":\"BreadcrumbList\",\"@id\":\"https:\/\/emlid.com\/fr\/careers\/#breadcrumb\",\"itemListElement\":[{\"@type\":\"ListItem\",\"position\":1,\"name\":\"Home\",\"item\":\"https:\/\/emlid.com\/fr\/\"},{\"@type\":\"ListItem\",\"position\":2,\"name\":\"Carri\u00e8res\"}]},{\"@type\":\"WebSite\",\"@id\":\"https:\/\/emlid.com\/fr\/#website\",\"url\":\"https:\/\/emlid.com\/fr\/\",\"name\":\"Emlid\",\"description\":\"\",\"publisher\":{\"@id\":\"https:\/\/emlid.com\/fr\/#organization\"},\"potentialAction\":[{\"@type\":\"SearchAction\",\"target\":{\"@type\":\"EntryPoint\",\"urlTemplate\":\"https:\/\/emlid.com\/fr\/?s={search_term_string}\"},\"query-input\":{\"@type\":\"PropertyValueSpecification\",\"valueRequired\":true,\"valueName\":\"search_term_string\"}}],\"inLanguage\":\"fr-FR\"},{\"@type\":\"Organization\",\"@id\":\"https:\/\/emlid.com\/fr\/#organization\",\"name\":\"Emlid Tech Kft.\",\"url\":\"https:\/\/emlid.com\/fr\/\",\"logo\":{\"@type\":\"ImageObject\",\"inLanguage\":\"fr-FR\",\"@id\":\"https:\/\/emlid.com\/fr\/#\/schema\/logo\/image\/\",\"url\":\"https:\/\/emlid.com\/wp-content\/uploads\/2022\/06\/Emlid-HH-logo.jpeg\",\"contentUrl\":\"https:\/\/emlid.com\/wp-content\/uploads\/2022\/06\/Emlid-HH-logo.jpeg\",\"width\":800,\"height\":800,\"caption\":\"Emlid Tech Kft.\"},\"image\":{\"@id\":\"https:\/\/emlid.com\/fr\/#\/schema\/logo\/image\/\"},\"sameAs\":[\"https:\/\/www.facebook.com\/emlidtech\",\"https:\/\/x.com\/emlid\",\"https:\/\/www.instagram.com\/emlid\/\",\"https:\/\/www.linkedin.com\/company\/11513017\/\",\"https:\/\/www.youtube.com\/emlid\"],\"email\":\"info@emlid.com\",\"legalName\":\"Emlid Tech Kft.\",\"vatID\":\"HU29034316\"}]}<\/script>\n<!-- \/ Yoast SEO Premium plugin. -->","yoast_head_json":{"title":"Carri\u00e8res chez Emlid - rejoignez notre \u00e9quipe","description":"D\u00e9couvrez toutes les opportunit\u00e9s de carri\u00e8re chez Emlid et postulez d\u00e8s aujourd'hui. Rejoignez notre \u00e9quipe pour rendre le positionnement de haute pr\u00e9cision accessible \u00e0 tous les professionnels.","robots":{"index":"index","follow":"follow","max-snippet":"max-snippet:-1","max-image-preview":"max-image-preview:large","max-video-preview":"max-video-preview:-1"},"canonical":"https:\/\/emlid.com\/fr\/careers\/","og_locale":"fr_FR","og_type":"article","og_title":"Carri\u00e8res","og_description":"D\u00e9couvrez toutes les opportunit\u00e9s de carri\u00e8re chez Emlid et postulez d\u00e8s aujourd'hui. Rejoignez notre \u00e9quipe pour rendre le positionnement de haute pr\u00e9cision accessible \u00e0 tous les professionnels.","og_url":"https:\/\/emlid.com\/fr\/careers\/","og_site_name":"Emlid","article_publisher":"https:\/\/www.facebook.com\/emlidtech","article_modified_time":"2025-08-25T09:25:45+00:00","twitter_card":"summary_large_image","twitter_site":"@emlid","schema":{"@context":"https:\/\/schema.org","@graph":[{"@type":"WebPage","@id":"https:\/\/emlid.com\/fr\/careers\/","url":"https:\/\/emlid.com\/fr\/careers\/","name":"Carri\u00e8res chez Emlid - rejoignez notre \u00e9quipe","isPartOf":{"@id":"https:\/\/emlid.com\/fr\/#website"},"datePublished":"2023-10-16T12:16:26+00:00","dateModified":"2025-08-25T09:25:45+00:00","description":"D\u00e9couvrez toutes les opportunit\u00e9s de carri\u00e8re chez Emlid et postulez d\u00e8s aujourd'hui. Rejoignez notre \u00e9quipe pour rendre le positionnement de haute pr\u00e9cision accessible \u00e0 tous les professionnels.","breadcrumb":{"@id":"https:\/\/emlid.com\/fr\/careers\/#breadcrumb"},"inLanguage":"fr-FR","potentialAction":[{"@type":"ReadAction","target":["https:\/\/emlid.com\/fr\/careers\/"]}]},{"@type":"BreadcrumbList","@id":"https:\/\/emlid.com\/fr\/careers\/#breadcrumb","itemListElement":[{"@type":"ListItem","position":1,"name":"Home","item":"https:\/\/emlid.com\/fr\/"},{"@type":"ListItem","position":2,"name":"Carri\u00e8res"}]},{"@type":"WebSite","@id":"https:\/\/emlid.com\/fr\/#website","url":"https:\/\/emlid.com\/fr\/","name":"Emlid","description":"","publisher":{"@id":"https:\/\/emlid.com\/fr\/#organization"},"potentialAction":[{"@type":"SearchAction","target":{"@type":"EntryPoint","urlTemplate":"https:\/\/emlid.com\/fr\/?s={search_term_string}"},"query-input":{"@type":"PropertyValueSpecification","valueRequired":true,"valueName":"search_term_string"}}],"inLanguage":"fr-FR"},{"@type":"Organization","@id":"https:\/\/emlid.com\/fr\/#organization","name":"Emlid Tech Kft.","url":"https:\/\/emlid.com\/fr\/","logo":{"@type":"ImageObject","inLanguage":"fr-FR","@id":"https:\/\/emlid.com\/fr\/#\/schema\/logo\/image\/","url":"https:\/\/emlid.com\/wp-content\/uploads\/2022\/06\/Emlid-HH-logo.jpeg","contentUrl":"https:\/\/emlid.com\/wp-content\/uploads\/2022\/06\/Emlid-HH-logo.jpeg","width":800,"height":800,"caption":"Emlid Tech Kft."},"image":{"@id":"https:\/\/emlid.com\/fr\/#\/schema\/logo\/image\/"},"sameAs":["https:\/\/www.facebook.com\/emlidtech","https:\/\/x.com\/emlid","https:\/\/www.instagram.com\/emlid\/","https:\/\/www.linkedin.com\/company\/11513017\/","https:\/\/www.youtube.com\/emlid"],"email":"info@emlid.com","legalName":"Emlid Tech Kft.","vatID":"HU29034316"}]}},"_links":{"self":[{"href":"https:\/\/emlid.com\/fr\/wp-json\/wp\/v2\/pages\/28193","targetHints":{"allow":["GET"]}}],"collection":[{"href":"https:\/\/emlid.com\/fr\/wp-json\/wp\/v2\/pages"}],"about":[{"href":"https:\/\/emlid.com\/fr\/wp-json\/wp\/v2\/types\/page"}],"author":[{"embeddable":true,"href":"https:\/\/emlid.com\/fr\/wp-json\/wp\/v2\/users\/7"}],"replies":[{"embeddable":true,"href":"https:\/\/emlid.com\/fr\/wp-json\/wp\/v2\/comments?post=28193"}],"version-history":[{"count":0,"href":"https:\/\/emlid.com\/fr\/wp-json\/wp\/v2\/pages\/28193\/revisions"}],"wp:attachment":[{"href":"https:\/\/emlid.com\/fr\/wp-json\/wp\/v2\/media?parent=28193"}],"curies":[{"name":"wp","href":"https:\/\/api.w.org\/{rel}","templated":true}]}}