{"id":28181,"date":"2023-08-10T10:18:56","date_gmt":"2023-08-10T10:18:56","guid":{"rendered":"http:\/\/localhost:10010\/contacts\/"},"modified":"2025-08-25T10:16:00","modified_gmt":"2025-08-25T10:16:00","slug":"contacts","status":"publish","type":"page","link":"https:\/\/emlid.com\/fr\/contacts\/","title":{"rendered":"Contacts"},"content":{"rendered":"<style>\n.main-cont-wrapper {<br \/>  display: flex;<br \/>  flex-wrap: wrap;<br \/>  gap: 10px;<br \/>  width:100%;<br \/>}<br \/>.form-cont-wrapper {<br \/>  width:100%;<br \/>  max-width:540px;<br \/>}<br \/>.cont-flex-elem {<br \/>  max-width:230px;<br \/>}<br \/>.h3-cont-style {<br \/>  color:#282828;<br \/>  font-size:20px;<br \/>  line-height:24px;<br \/>}<br \/><\/style>\n<p><script type=\"application\/ld+json\">{\n  \"@context\": \"https:\/\/schema.org\/\",\n  \"@type\": \"Organization\",\n  \"name\": \"Emlid Tech Kft.\",\n  \"email\": \"info@emlid.com\",\n  \"address\": {\n    \"@type\": \"PostalAddress\",\n    \"addressLocality\": \"Budapest, Hungary\",\n    \"streetAddress\": \"Raday utca 33A 1\/1\",\n    \"postalCode\": \"1092\"\n  }\n}\n<\/script><\/p>\n<div class=\"main-cont-wrapper\">\n<div class=\"cont-flex-elem\">\n<h3 class=\"h3-cont-style\">Soutien et tutoriels<\/h3>\n<p>Consultez notre <a href=\"https:\/\/community.emlid.com\/\">forum<\/a> et notre <a href=\"https:\/\/docs.emlid.com\/\">documentation<\/a>. Votre affaire est peut-\u00eatre d\u00e9j\u00e0 r\u00e9solue.<\/p>\n<\/div>\n<div class=\"cont-flex-elem\">\n<h3 class=\"h3-cont-style\">Distributeurs locaux<\/h3>\n<p>Emlid a des distributeurs locaux dans le monde entier. <a href=\"https:\/\/emlid.com\/?page_id=24766\">Trouvez le centre le plus proche de chez vous<\/a><\/p>\n<\/div>\n<div class=\"cont-flex-elem\">\n<h3 class=\"h3-cont-style\">Adresse du bureau<\/h3>\n<p>Emlid Tech Korl\u00e1tolt Felel\u0151ss\u00e9g\u0171 T\u00e1rsas\u00e1g<\/p>\n<p>Esztergomi \u00fat 31-39. HUB3. \u00e9p. 5. em. Budapest, 1138, Hongrie<\/p>\n<\/div>\n<\/div>\n<div class=\"form-cont-wrapper\">\n<h3 class=\"h3-cont-style\">Envoyer un message<\/h3>\n<p>\u00c9crivez-nous \u00e0 <a href=\"mailto:info@emlid.com\">info@emlid.com<\/a>.<br \/>\nLes jours ouvrables, nous r\u00e9pondons normalement dans les 24 heures.<\/p>\n<p><!-- Insert form's shortcode here --><\/p>\n<p><!--This site is protected by reCAPTCHA, and the Google <a href=\"https:\/\/policies.google.com\/privacy\">Privacy Policy<\/a> and\n<a href=\"https:\/\/policies.google.com\/terms\">Terms of Service<\/a> apply.--><\/p>\n<\/div>\n<p><script charset=\"utf-8\" type=\"text\/javascript\" src=\"\/\/js-eu1.hsforms.net\/forms\/embed\/v2.js\"><\/script><\/p>\n<style>\n  \/* Text style in input *\/<\/p>\n<\/style>\n<p><script>\n  hbspt.forms.create({\n    region: \"eu1\",\n    portalId: \"27184614\",\n    formId: \"4ed7c6a7-8dc1-4268-aff1-848ff7b60ebf\"\n  });\n<\/script><\/p>\n","protected":false},"excerpt":{"rendered":"<p>Soutien et tutoriels Consultez notre forum et notre documentation. Votre affaire est peut-\u00eatre d\u00e9j\u00e0 r\u00e9solue. Distributeurs locaux Emlid a des distributeurs locaux dans le monde entier. Trouvez le centre le plus proche de chez vous Adresse du bureau Emlid Tech Korl\u00e1tolt Felel\u0151ss\u00e9g\u0171 T\u00e1rsas\u00e1g Esztergomi \u00fat 31-39. HUB3. \u00e9p. 5. em. Budapest, 1138, Hongrie Envoyer un [&hellip;]<\/p>\n","protected":false},"featured_media":0,"parent":0,"menu_order":0,"comment_status":"closed","ping_status":"closed","template":"pages\/contacts.php","meta":{"footnotes":""},"class_list":["post-28181","page","type-page","status-publish","hentry"],"acf":[],"yoast_head":"<!-- This site is optimized with the Yoast SEO Premium plugin v26.3 (Yoast SEO v27.3) - https:\/\/yoast.com\/product\/yoast-seo-premium-wordpress\/ -->\n<title>Contacts - Emlid<\/title>\n<meta name=\"description\" content=\"Si vous avez une question avant d&#039;acheter ou si vous avez besoin d&#039;une assistance apr\u00e8s l&#039;achat, n&#039;h\u00e9sitez pas \u00e0 contacter l&#039;\u00e9quipe d&#039;Emlid.\" \/>\n<meta name=\"robots\" content=\"index, follow, max-snippet:-1, max-image-preview:large, max-video-preview:-1\" \/>\n<link rel=\"canonical\" href=\"https:\/\/emlid.com\/fr\/contacts\/\" \/>\n<meta property=\"og:locale\" content=\"fr_FR\" \/>\n<meta property=\"og:type\" content=\"article\" \/>\n<meta property=\"og:title\" content=\"Contacts\" \/>\n<meta property=\"og:description\" content=\"Si vous avez une question avant d&#039;acheter ou si vous avez besoin d&#039;une assistance apr\u00e8s l&#039;achat, n&#039;h\u00e9sitez pas \u00e0 contacter l&#039;\u00e9quipe d&#039;Emlid.\" \/>\n<meta property=\"og:url\" content=\"https:\/\/emlid.com\/fr\/contacts\/\" \/>\n<meta property=\"og:site_name\" content=\"Emlid\" \/>\n<meta property=\"article:publisher\" content=\"https:\/\/www.facebook.com\/emlidtech\" \/>\n<meta property=\"article:modified_time\" content=\"2025-08-25T10:16:00+00:00\" \/>\n<meta name=\"twitter:card\" content=\"summary_large_image\" \/>\n<meta name=\"twitter:site\" content=\"@emlid\" \/>\n<meta name=\"twitter:label1\" content=\"Dur\u00e9e de lecture estim\u00e9e\" \/>\n\t<meta name=\"twitter:data1\" content=\"1 minute\" \/>\n<script type=\"application\/ld+json\" class=\"yoast-schema-graph\">{\"@context\":\"https:\/\/schema.org\",\"@graph\":[{\"@type\":\"WebPage\",\"@id\":\"https:\/\/emlid.com\/fr\/contacts\/\",\"url\":\"https:\/\/emlid.com\/fr\/contacts\/\",\"name\":\"Contacts - Emlid\",\"isPartOf\":{\"@id\":\"https:\/\/emlid.com\/fr\/#website\"},\"datePublished\":\"2023-08-10T10:18:56+00:00\",\"dateModified\":\"2025-08-25T10:16:00+00:00\",\"description\":\"Si vous avez une question avant d'acheter ou si vous avez besoin d'une assistance apr\u00e8s l'achat, n'h\u00e9sitez pas \u00e0 contacter l'\u00e9quipe d'Emlid.\",\"breadcrumb\":{\"@id\":\"https:\/\/emlid.com\/fr\/contacts\/#breadcrumb\"},\"inLanguage\":\"fr-FR\",\"potentialAction\":[{\"@type\":\"ReadAction\",\"target\":[\"https:\/\/emlid.com\/fr\/contacts\/\"]}]},{\"@type\":\"BreadcrumbList\",\"@id\":\"https:\/\/emlid.com\/fr\/contacts\/#breadcrumb\",\"itemListElement\":[{\"@type\":\"ListItem\",\"position\":1,\"name\":\"Home\",\"item\":\"https:\/\/emlid.com\/fr\/\"},{\"@type\":\"ListItem\",\"position\":2,\"name\":\"Contacts\"}]},{\"@type\":\"WebSite\",\"@id\":\"https:\/\/emlid.com\/fr\/#website\",\"url\":\"https:\/\/emlid.com\/fr\/\",\"name\":\"Emlid\",\"description\":\"\",\"publisher\":{\"@id\":\"https:\/\/emlid.com\/fr\/#organization\"},\"potentialAction\":[{\"@type\":\"SearchAction\",\"target\":{\"@type\":\"EntryPoint\",\"urlTemplate\":\"https:\/\/emlid.com\/fr\/?s={search_term_string}\"},\"query-input\":{\"@type\":\"PropertyValueSpecification\",\"valueRequired\":true,\"valueName\":\"search_term_string\"}}],\"inLanguage\":\"fr-FR\"},{\"@type\":\"Organization\",\"@id\":\"https:\/\/emlid.com\/fr\/#organization\",\"name\":\"Emlid Tech Kft.\",\"url\":\"https:\/\/emlid.com\/fr\/\",\"logo\":{\"@type\":\"ImageObject\",\"inLanguage\":\"fr-FR\",\"@id\":\"https:\/\/emlid.com\/fr\/#\/schema\/logo\/image\/\",\"url\":\"https:\/\/emlid.com\/wp-content\/uploads\/2022\/06\/Emlid-HH-logo.jpeg\",\"contentUrl\":\"https:\/\/emlid.com\/wp-content\/uploads\/2022\/06\/Emlid-HH-logo.jpeg\",\"width\":800,\"height\":800,\"caption\":\"Emlid Tech Kft.\"},\"image\":{\"@id\":\"https:\/\/emlid.com\/fr\/#\/schema\/logo\/image\/\"},\"sameAs\":[\"https:\/\/www.facebook.com\/emlidtech\",\"https:\/\/x.com\/emlid\",\"https:\/\/www.instagram.com\/emlid\/\",\"https:\/\/www.linkedin.com\/company\/11513017\/\",\"https:\/\/www.youtube.com\/emlid\"],\"email\":\"info@emlid.com\",\"legalName\":\"Emlid Tech Kft.\",\"vatID\":\"HU29034316\"}]}<\/script>\n<!-- \/ Yoast SEO Premium plugin. -->","yoast_head_json":{"title":"Contacts - Emlid","description":"Si vous avez une question avant d'acheter ou si vous avez besoin d'une assistance apr\u00e8s l'achat, n'h\u00e9sitez pas \u00e0 contacter l'\u00e9quipe d'Emlid.","robots":{"index":"index","follow":"follow","max-snippet":"max-snippet:-1","max-image-preview":"max-image-preview:large","max-video-preview":"max-video-preview:-1"},"canonical":"https:\/\/emlid.com\/fr\/contacts\/","og_locale":"fr_FR","og_type":"article","og_title":"Contacts","og_description":"Si vous avez une question avant d'acheter ou si vous avez besoin d'une assistance apr\u00e8s l'achat, n'h\u00e9sitez pas \u00e0 contacter l'\u00e9quipe d'Emlid.","og_url":"https:\/\/emlid.com\/fr\/contacts\/","og_site_name":"Emlid","article_publisher":"https:\/\/www.facebook.com\/emlidtech","article_modified_time":"2025-08-25T10:16:00+00:00","twitter_card":"summary_large_image","twitter_site":"@emlid","twitter_misc":{"Dur\u00e9e de lecture estim\u00e9e":"1 minute"},"schema":{"@context":"https:\/\/schema.org","@graph":[{"@type":"WebPage","@id":"https:\/\/emlid.com\/fr\/contacts\/","url":"https:\/\/emlid.com\/fr\/contacts\/","name":"Contacts - Emlid","isPartOf":{"@id":"https:\/\/emlid.com\/fr\/#website"},"datePublished":"2023-08-10T10:18:56+00:00","dateModified":"2025-08-25T10:16:00+00:00","description":"Si vous avez une question avant d'acheter ou si vous avez besoin d'une assistance apr\u00e8s l'achat, n'h\u00e9sitez pas \u00e0 contacter l'\u00e9quipe d'Emlid.","breadcrumb":{"@id":"https:\/\/emlid.com\/fr\/contacts\/#breadcrumb"},"inLanguage":"fr-FR","potentialAction":[{"@type":"ReadAction","target":["https:\/\/emlid.com\/fr\/contacts\/"]}]},{"@type":"BreadcrumbList","@id":"https:\/\/emlid.com\/fr\/contacts\/#breadcrumb","itemListElement":[{"@type":"ListItem","position":1,"name":"Home","item":"https:\/\/emlid.com\/fr\/"},{"@type":"ListItem","position":2,"name":"Contacts"}]},{"@type":"WebSite","@id":"https:\/\/emlid.com\/fr\/#website","url":"https:\/\/emlid.com\/fr\/","name":"Emlid","description":"","publisher":{"@id":"https:\/\/emlid.com\/fr\/#organization"},"potentialAction":[{"@type":"SearchAction","target":{"@type":"EntryPoint","urlTemplate":"https:\/\/emlid.com\/fr\/?s={search_term_string}"},"query-input":{"@type":"PropertyValueSpecification","valueRequired":true,"valueName":"search_term_string"}}],"inLanguage":"fr-FR"},{"@type":"Organization","@id":"https:\/\/emlid.com\/fr\/#organization","name":"Emlid Tech Kft.","url":"https:\/\/emlid.com\/fr\/","logo":{"@type":"ImageObject","inLanguage":"fr-FR","@id":"https:\/\/emlid.com\/fr\/#\/schema\/logo\/image\/","url":"https:\/\/emlid.com\/wp-content\/uploads\/2022\/06\/Emlid-HH-logo.jpeg","contentUrl":"https:\/\/emlid.com\/wp-content\/uploads\/2022\/06\/Emlid-HH-logo.jpeg","width":800,"height":800,"caption":"Emlid Tech Kft."},"image":{"@id":"https:\/\/emlid.com\/fr\/#\/schema\/logo\/image\/"},"sameAs":["https:\/\/www.facebook.com\/emlidtech","https:\/\/x.com\/emlid","https:\/\/www.instagram.com\/emlid\/","https:\/\/www.linkedin.com\/company\/11513017\/","https:\/\/www.youtube.com\/emlid"],"email":"info@emlid.com","legalName":"Emlid Tech Kft.","vatID":"HU29034316"}]}},"_links":{"self":[{"href":"https:\/\/emlid.com\/fr\/wp-json\/wp\/v2\/pages\/28181","targetHints":{"allow":["GET"]}}],"collection":[{"href":"https:\/\/emlid.com\/fr\/wp-json\/wp\/v2\/pages"}],"about":[{"href":"https:\/\/emlid.com\/fr\/wp-json\/wp\/v2\/types\/page"}],"author":[{"embeddable":true,"href":"https:\/\/emlid.com\/fr\/wp-json\/wp\/v2\/users\/10"}],"replies":[{"embeddable":true,"href":"https:\/\/emlid.com\/fr\/wp-json\/wp\/v2\/comments?post=28181"}],"version-history":[{"count":0,"href":"https:\/\/emlid.com\/fr\/wp-json\/wp\/v2\/pages\/28181\/revisions"}],"wp:attachment":[{"href":"https:\/\/emlid.com\/fr\/wp-json\/wp\/v2\/media?parent=28181"}],"curies":[{"name":"wp","href":"https:\/\/api.w.org\/{rel}","templated":true}]}}