{"id":28175,"date":"2023-09-18T10:46:47","date_gmt":"2023-09-18T10:46:47","guid":{"rendered":"http:\/\/localhost:10010\/atteindre-rs3\/"},"modified":"2025-10-15T13:40:49","modified_gmt":"2025-10-15T13:40:49","slug":"reachrs3","status":"publish","type":"page","link":"https:\/\/emlid.com\/fr\/reachrs3\/","title":{"rendered":"Reach RS3"},"content":{"rendered":"","protected":false},"excerpt":{"rendered":"","protected":false},"featured_media":0,"parent":0,"menu_order":0,"comment_status":"closed","ping_status":"closed","template":"pages\/rs-3.php","meta":{"footnotes":""},"class_list":["post-28175","page","type-page","status-publish","hentry"],"acf":[],"yoast_head":"<!-- This site is optimized with the Yoast SEO Premium plugin v26.3 (Yoast SEO v27.3) - https:\/\/yoast.com\/product\/yoast-seo-premium-wordpress\/ -->\n<title>Reach RS3 GNSS RTK avec IMU | Emlid<\/title>\n<meta name=\"description\" content=\"Reach RS3 est un r\u00e9cepteur GNSS RTK avec compensation d&#039;inclinaison IMU et radio UHF. L&#039;IMU GNSS garantit un positionnement pr\u00e9cis dans les environnements difficiles. Commandez d\u00e8s aujourd&#039;hui.\" \/>\n<meta name=\"robots\" content=\"index, follow, max-snippet:-1, max-image-preview:large, max-video-preview:-1\" \/>\n<link rel=\"canonical\" href=\"https:\/\/emlid.com\/fr\/reachrs3\/\" \/>\n<meta property=\"og:locale\" content=\"fr_FR\" \/>\n<meta property=\"og:type\" content=\"article\" \/>\n<meta property=\"og:title\" content=\"Reach RS3\" \/>\n<meta property=\"og:description\" content=\"Reach RS3 est un r\u00e9cepteur GNSS RTK avec compensation d&#039;inclinaison IMU et radio UHF. L&#039;IMU GNSS garantit un positionnement pr\u00e9cis dans les environnements difficiles. Commandez d\u00e8s aujourd&#039;hui.\" \/>\n<meta property=\"og:url\" content=\"https:\/\/emlid.com\/fr\/reachrs3\/\" \/>\n<meta property=\"og:site_name\" content=\"Emlid\" \/>\n<meta property=\"article:publisher\" content=\"https:\/\/www.facebook.com\/emlidtech\" \/>\n<meta property=\"article:modified_time\" content=\"2025-10-15T13:40:49+00:00\" \/>\n<meta name=\"twitter:card\" content=\"summary_large_image\" \/>\n<meta name=\"twitter:site\" content=\"@emlid\" \/>\n<script type=\"application\/ld+json\" class=\"yoast-schema-graph\">{\"@context\":\"https:\/\/schema.org\",\"@graph\":[{\"@type\":\"WebPage\",\"@id\":\"https:\/\/emlid.com\/fr\/reachrs3\/\",\"url\":\"https:\/\/emlid.com\/fr\/reachrs3\/\",\"name\":\"Reach RS3 GNSS RTK avec IMU | Emlid\",\"isPartOf\":{\"@id\":\"https:\/\/emlid.com\/fr\/#website\"},\"datePublished\":\"2023-09-18T10:46:47+00:00\",\"dateModified\":\"2025-10-15T13:40:49+00:00\",\"description\":\"Reach RS3 est un r\u00e9cepteur GNSS RTK avec compensation d'inclinaison IMU et radio UHF. L'IMU GNSS garantit un positionnement pr\u00e9cis dans les environnements difficiles. Commandez d\u00e8s aujourd'hui.\",\"breadcrumb\":{\"@id\":\"https:\/\/emlid.com\/fr\/reachrs3\/#breadcrumb\"},\"inLanguage\":\"fr-FR\",\"potentialAction\":[{\"@type\":\"ReadAction\",\"target\":[\"https:\/\/emlid.com\/fr\/reachrs3\/\"]}]},{\"@type\":\"BreadcrumbList\",\"@id\":\"https:\/\/emlid.com\/fr\/reachrs3\/#breadcrumb\",\"itemListElement\":[{\"@type\":\"ListItem\",\"position\":1,\"name\":\"Home\",\"item\":\"https:\/\/emlid.com\/fr\/\"},{\"@type\":\"ListItem\",\"position\":2,\"name\":\"Reach RS3\"}]},{\"@type\":\"WebSite\",\"@id\":\"https:\/\/emlid.com\/fr\/#website\",\"url\":\"https:\/\/emlid.com\/fr\/\",\"name\":\"Emlid\",\"description\":\"\",\"publisher\":{\"@id\":\"https:\/\/emlid.com\/fr\/#organization\"},\"potentialAction\":[{\"@type\":\"SearchAction\",\"target\":{\"@type\":\"EntryPoint\",\"urlTemplate\":\"https:\/\/emlid.com\/fr\/?s={search_term_string}\"},\"query-input\":{\"@type\":\"PropertyValueSpecification\",\"valueRequired\":true,\"valueName\":\"search_term_string\"}}],\"inLanguage\":\"fr-FR\"},{\"@type\":\"Organization\",\"@id\":\"https:\/\/emlid.com\/fr\/#organization\",\"name\":\"Emlid Tech Kft.\",\"url\":\"https:\/\/emlid.com\/fr\/\",\"logo\":{\"@type\":\"ImageObject\",\"inLanguage\":\"fr-FR\",\"@id\":\"https:\/\/emlid.com\/fr\/#\/schema\/logo\/image\/\",\"url\":\"https:\/\/emlid.com\/wp-content\/uploads\/2022\/06\/Emlid-HH-logo.jpeg\",\"contentUrl\":\"https:\/\/emlid.com\/wp-content\/uploads\/2022\/06\/Emlid-HH-logo.jpeg\",\"width\":800,\"height\":800,\"caption\":\"Emlid Tech Kft.\"},\"image\":{\"@id\":\"https:\/\/emlid.com\/fr\/#\/schema\/logo\/image\/\"},\"sameAs\":[\"https:\/\/www.facebook.com\/emlidtech\",\"https:\/\/x.com\/emlid\",\"https:\/\/www.instagram.com\/emlid\/\",\"https:\/\/www.linkedin.com\/company\/11513017\/\",\"https:\/\/www.youtube.com\/emlid\"],\"email\":\"info@emlid.com\",\"legalName\":\"Emlid Tech Kft.\",\"vatID\":\"HU29034316\"}]}<\/script>\n<!-- \/ Yoast SEO Premium plugin. -->","yoast_head_json":{"title":"Reach RS3 GNSS RTK avec IMU | Emlid","description":"Reach RS3 est un r\u00e9cepteur GNSS RTK avec compensation d'inclinaison IMU et radio UHF. L'IMU GNSS garantit un positionnement pr\u00e9cis dans les environnements difficiles. Commandez d\u00e8s aujourd'hui.","robots":{"index":"index","follow":"follow","max-snippet":"max-snippet:-1","max-image-preview":"max-image-preview:large","max-video-preview":"max-video-preview:-1"},"canonical":"https:\/\/emlid.com\/fr\/reachrs3\/","og_locale":"fr_FR","og_type":"article","og_title":"Reach RS3","og_description":"Reach RS3 est un r\u00e9cepteur GNSS RTK avec compensation d'inclinaison IMU et radio UHF. L'IMU GNSS garantit un positionnement pr\u00e9cis dans les environnements difficiles. Commandez d\u00e8s aujourd'hui.","og_url":"https:\/\/emlid.com\/fr\/reachrs3\/","og_site_name":"Emlid","article_publisher":"https:\/\/www.facebook.com\/emlidtech","article_modified_time":"2025-10-15T13:40:49+00:00","twitter_card":"summary_large_image","twitter_site":"@emlid","schema":{"@context":"https:\/\/schema.org","@graph":[{"@type":"WebPage","@id":"https:\/\/emlid.com\/fr\/reachrs3\/","url":"https:\/\/emlid.com\/fr\/reachrs3\/","name":"Reach RS3 GNSS RTK avec IMU | Emlid","isPartOf":{"@id":"https:\/\/emlid.com\/fr\/#website"},"datePublished":"2023-09-18T10:46:47+00:00","dateModified":"2025-10-15T13:40:49+00:00","description":"Reach RS3 est un r\u00e9cepteur GNSS RTK avec compensation d'inclinaison IMU et radio UHF. L'IMU GNSS garantit un positionnement pr\u00e9cis dans les environnements difficiles. Commandez d\u00e8s aujourd'hui.","breadcrumb":{"@id":"https:\/\/emlid.com\/fr\/reachrs3\/#breadcrumb"},"inLanguage":"fr-FR","potentialAction":[{"@type":"ReadAction","target":["https:\/\/emlid.com\/fr\/reachrs3\/"]}]},{"@type":"BreadcrumbList","@id":"https:\/\/emlid.com\/fr\/reachrs3\/#breadcrumb","itemListElement":[{"@type":"ListItem","position":1,"name":"Home","item":"https:\/\/emlid.com\/fr\/"},{"@type":"ListItem","position":2,"name":"Reach RS3"}]},{"@type":"WebSite","@id":"https:\/\/emlid.com\/fr\/#website","url":"https:\/\/emlid.com\/fr\/","name":"Emlid","description":"","publisher":{"@id":"https:\/\/emlid.com\/fr\/#organization"},"potentialAction":[{"@type":"SearchAction","target":{"@type":"EntryPoint","urlTemplate":"https:\/\/emlid.com\/fr\/?s={search_term_string}"},"query-input":{"@type":"PropertyValueSpecification","valueRequired":true,"valueName":"search_term_string"}}],"inLanguage":"fr-FR"},{"@type":"Organization","@id":"https:\/\/emlid.com\/fr\/#organization","name":"Emlid Tech Kft.","url":"https:\/\/emlid.com\/fr\/","logo":{"@type":"ImageObject","inLanguage":"fr-FR","@id":"https:\/\/emlid.com\/fr\/#\/schema\/logo\/image\/","url":"https:\/\/emlid.com\/wp-content\/uploads\/2022\/06\/Emlid-HH-logo.jpeg","contentUrl":"https:\/\/emlid.com\/wp-content\/uploads\/2022\/06\/Emlid-HH-logo.jpeg","width":800,"height":800,"caption":"Emlid Tech Kft."},"image":{"@id":"https:\/\/emlid.com\/fr\/#\/schema\/logo\/image\/"},"sameAs":["https:\/\/www.facebook.com\/emlidtech","https:\/\/x.com\/emlid","https:\/\/www.instagram.com\/emlid\/","https:\/\/www.linkedin.com\/company\/11513017\/","https:\/\/www.youtube.com\/emlid"],"email":"info@emlid.com","legalName":"Emlid Tech Kft.","vatID":"HU29034316"}]}},"_links":{"self":[{"href":"https:\/\/emlid.com\/fr\/wp-json\/wp\/v2\/pages\/28175","targetHints":{"allow":["GET"]}}],"collection":[{"href":"https:\/\/emlid.com\/fr\/wp-json\/wp\/v2\/pages"}],"about":[{"href":"https:\/\/emlid.com\/fr\/wp-json\/wp\/v2\/types\/page"}],"author":[{"embeddable":true,"href":"https:\/\/emlid.com\/fr\/wp-json\/wp\/v2\/users\/1"}],"replies":[{"embeddable":true,"href":"https:\/\/emlid.com\/fr\/wp-json\/wp\/v2\/comments?post=28175"}],"version-history":[{"count":0,"href":"https:\/\/emlid.com\/fr\/wp-json\/wp\/v2\/pages\/28175\/revisions"}],"wp:attachment":[{"href":"https:\/\/emlid.com\/fr\/wp-json\/wp\/v2\/media?parent=28175"}],"curies":[{"name":"wp","href":"https:\/\/api.w.org\/{rel}","templated":true}]}}