{"id":38378,"date":"2025-12-30T10:33:04","date_gmt":"2025-12-30T10:33:04","guid":{"rendered":"https:\/\/emlid.com\/?page_id=38378"},"modified":"2026-04-13T13:36:49","modified_gmt":"2026-04-13T13:36:49","slug":"rnd-developer","status":"publish","type":"page","link":"https:\/\/emlid.com\/es\/careers\/rnd-developer\/","title":{"rendered":"RnD Developer"},"content":{"rendered":"<p>At Emlid, we make modern professional geodetic equipment for highly accurate measurements. We develop both hardware and software ourselves, and constantly communicate with our users to gather feedback that inspires us to enhance our products.<\/p>\n<p>Our team is united by a shared interest in research, deep engagement in tasks, and a collective drive for excellence \u2014 and we welcome those who share our values and approach to work.<\/p>\n<p>Now we\u2019re looking for an <strong>RnD Developer<\/strong> to join our Budapest team.<\/p>\n<h3>Tasks:<\/h3>\n<ul>\n<li>Development of algorithms for inertial and satellite data processing (GNSS, IMU, INS);<\/li>\n<li>Modeling and analysis of developed solutions and algorithms;<\/li>\n<li>Integration of new solutions into the company&#8217;s products (system programming);<\/li>\n<li>Debugging and troubleshooting of existing developments (refactoring, debugging);<\/li>\n<li>Data analysis and tooling development in Python.<\/li>\n<\/ul>\n<h3>What we expect:<\/h3>\n<ul>\n<li>Experience with Python and C\/C++;<\/li>\n<li>Understanding of applied math, signal processing, and sensor fusion basics;<\/li>\n<li>Experience with embedded Linux development;<\/li>\n<li>Experience working with Docker and Git;<\/li>\n<li>Proficiency in both spoken and written English at an Upper-intermediate (B2) level or higher.<\/li>\n<\/ul>\n<h3>What we offer:<\/h3>\n<ul>\n<li>Private health insurance coverage\u00a0\u2014 We provide private health care insurance after the probation period, ensuring easy access to doctors and the care you need.<\/li>\n<li>Monthly public transport pass compensation\u00a0\u2014 We cover your commute expenses to make getting to work easy.<\/li>\n<li>Flexible start time for working hours\u00a0\u2014 We understand that everyone has different schedules, so you can start your workday anytime before 12 pm.<\/li>\n<li>Streamlined processes \u2014 Only focused, purposeful meetings and clear workflows, so you can actually get things done.<\/li>\n<li>Growth and development \u2014 We encourage your professional journey by offering learning opportunities, mentorship, and space to take on new challenges.<\/li>\n<li>Modern office\u00a0\u2014 A comfortable, hi-tech workspace near \u24c2\ufe0f G\u00f6ncz \u00c1rp\u00e1d v\u00e1rosk\u00f6zpont, fully equipped with everything you need to work at your best.<\/li>\n<li>Hungarian Lessons for Expats \u2014 To help you settle in and feel like a local, we\u2019ve got you covered with Hungarian language classes.<\/li>\n<li>Sport activities\u00a0\u2014 We organize yoga, football, and volleyball activities so you can relax and recharge.<\/li>\n<li>Team events \u2014 We work hard and celebrate together! We love spending time outside of work, whether it\u2019s a casual gathering or a bigger team event.<\/li>\n<\/ul>\n<p>Ready to join our team?<br \/>\nSend your application to <a class=\"css_builder_color--colorTextBrand--6566I css_builder_cursor--cursorPointer--4V3yB\" href=\"mailto:hr@emlid.com\" rel=\"noopener nofollow noreferrer ugc\">hr@emlid.com<\/a>.<\/p>\n<p><!-- notionvc: 8accf7ed-8ed0-4ecc-9be8-702414bd5489 --><\/p>\n","protected":false},"excerpt":{"rendered":"<p>At Emlid, we make modern professional geodetic equipment for highly accurate measurements. We develop both hardware and software ourselves, and constantly communicate with our users to gather feedback that inspires us to enhance our products. Our team is united by a shared interest in research, deep engagement in tasks, and a collective drive for excellence [&hellip;]<\/p>\n","protected":false},"featured_media":0,"parent":27770,"menu_order":0,"comment_status":"closed","ping_status":"closed","template":"","meta":{"footnotes":""},"class_list":["post-38378","page","type-page","status-publish","hentry"],"acf":[],"yoast_head":"<!-- This site is optimized with the Yoast SEO Premium plugin v26.3 (Yoast SEO v27.5) - https:\/\/yoast.com\/product\/yoast-seo-premium-wordpress\/ -->\n<title>RnD Developer - Emlid Careers at Emlid \u2013 join our team<\/title>\n<meta name=\"description\" content=\"Explore all career opportunities at Emlid and apply today. Join our team to make high-precision positioning accessible to all professionals.\" \/>\n<meta name=\"robots\" content=\"index, follow, max-snippet:-1, max-image-preview:large, max-video-preview:-1\" \/>\n<link rel=\"canonical\" href=\"https:\/\/emlid.com\/es\/careers\/rnd-developer\/\" \/>\n<meta property=\"og:locale\" content=\"es_ES\" \/>\n<meta property=\"og:type\" content=\"article\" \/>\n<meta property=\"og:title\" content=\"RnD Developer\" \/>\n<meta property=\"og:description\" content=\"Explore all career opportunities at Emlid and apply today. Join our team to make high-precision positioning accessible to all professionals.\" \/>\n<meta property=\"og:url\" content=\"https:\/\/emlid.com\/es\/careers\/rnd-developer\/\" \/>\n<meta property=\"og:site_name\" content=\"Emlid\" \/>\n<meta property=\"article:publisher\" content=\"https:\/\/www.facebook.com\/emlidtech\" \/>\n<meta property=\"article:modified_time\" content=\"2026-04-13T13:36:49+00:00\" \/>\n<meta name=\"twitter:card\" content=\"summary_large_image\" \/>\n<meta name=\"twitter:site\" content=\"@emlid\" \/>\n<meta name=\"twitter:label1\" content=\"Tiempo de lectura\" \/>\n\t<meta name=\"twitter:data1\" content=\"2 minutos\" \/>\n<script type=\"application\/ld+json\" class=\"yoast-schema-graph\">{\"@context\":\"https:\/\/schema.org\",\"@graph\":[{\"@type\":\"WebPage\",\"@id\":\"https:\/\/emlid.com\/es\/careers\/rnd-developer\/\",\"url\":\"https:\/\/emlid.com\/es\/careers\/rnd-developer\/\",\"name\":\"RnD Developer - Emlid Careers at Emlid \u2013 join our team\",\"isPartOf\":{\"@id\":\"https:\/\/emlid.com\/es\/#website\"},\"datePublished\":\"2025-12-30T10:33:04+00:00\",\"dateModified\":\"2026-04-13T13:36:49+00:00\",\"description\":\"Explore all career opportunities at Emlid and apply today. Join our team to make high-precision positioning accessible to all professionals.\",\"breadcrumb\":{\"@id\":\"https:\/\/emlid.com\/es\/careers\/rnd-developer\/#breadcrumb\"},\"inLanguage\":\"es\",\"potentialAction\":[{\"@type\":\"ReadAction\",\"target\":[\"https:\/\/emlid.com\/es\/careers\/rnd-developer\/\"]}]},{\"@type\":\"BreadcrumbList\",\"@id\":\"https:\/\/emlid.com\/es\/careers\/rnd-developer\/#breadcrumb\",\"itemListElement\":[{\"@type\":\"ListItem\",\"position\":1,\"name\":\"Home\",\"item\":\"https:\/\/emlid.com\/es\/\"},{\"@type\":\"ListItem\",\"position\":2,\"name\":\"Careers\",\"item\":\"https:\/\/emlid.com\/es\/careers\/\"},{\"@type\":\"ListItem\",\"position\":3,\"name\":\"RnD Developer\"}]},{\"@type\":\"WebSite\",\"@id\":\"https:\/\/emlid.com\/es\/#website\",\"url\":\"https:\/\/emlid.com\/es\/\",\"name\":\"Emlid\",\"description\":\"\",\"publisher\":{\"@id\":\"https:\/\/emlid.com\/es\/#organization\"},\"potentialAction\":[{\"@type\":\"SearchAction\",\"target\":{\"@type\":\"EntryPoint\",\"urlTemplate\":\"https:\/\/emlid.com\/es\/?s={search_term_string}\"},\"query-input\":{\"@type\":\"PropertyValueSpecification\",\"valueRequired\":true,\"valueName\":\"search_term_string\"}}],\"inLanguage\":\"es\"},{\"@type\":\"Organization\",\"@id\":\"https:\/\/emlid.com\/es\/#organization\",\"name\":\"Emlid Tech Kft.\",\"url\":\"https:\/\/emlid.com\/es\/\",\"logo\":{\"@type\":\"ImageObject\",\"inLanguage\":\"es\",\"@id\":\"https:\/\/emlid.com\/es\/#\/schema\/logo\/image\/\",\"url\":\"https:\/\/emlid.com\/wp-content\/uploads\/2022\/06\/Emlid-HH-logo.jpeg\",\"contentUrl\":\"https:\/\/emlid.com\/wp-content\/uploads\/2022\/06\/Emlid-HH-logo.jpeg\",\"width\":800,\"height\":800,\"caption\":\"Emlid Tech Kft.\"},\"image\":{\"@id\":\"https:\/\/emlid.com\/es\/#\/schema\/logo\/image\/\"},\"sameAs\":[\"https:\/\/www.facebook.com\/emlidtech\",\"https:\/\/x.com\/emlid\",\"https:\/\/www.instagram.com\/emlid\/\",\"https:\/\/www.linkedin.com\/company\/11513017\/\",\"https:\/\/www.youtube.com\/emlid\"],\"email\":\"info@emlid.com\",\"legalName\":\"Emlid Tech Kft.\",\"vatID\":\"HU29034316\"}]}<\/script>\n<!-- \/ Yoast SEO Premium plugin. -->","yoast_head_json":{"title":"RnD Developer - Emlid Careers at Emlid \u2013 join our team","description":"Explore all career opportunities at Emlid and apply today. Join our team to make high-precision positioning accessible to all professionals.","robots":{"index":"index","follow":"follow","max-snippet":"max-snippet:-1","max-image-preview":"max-image-preview:large","max-video-preview":"max-video-preview:-1"},"canonical":"https:\/\/emlid.com\/es\/careers\/rnd-developer\/","og_locale":"es_ES","og_type":"article","og_title":"RnD Developer","og_description":"Explore all career opportunities at Emlid and apply today. Join our team to make high-precision positioning accessible to all professionals.","og_url":"https:\/\/emlid.com\/es\/careers\/rnd-developer\/","og_site_name":"Emlid","article_publisher":"https:\/\/www.facebook.com\/emlidtech","article_modified_time":"2026-04-13T13:36:49+00:00","twitter_card":"summary_large_image","twitter_site":"@emlid","twitter_misc":{"Tiempo de lectura":"2 minutos"},"schema":{"@context":"https:\/\/schema.org","@graph":[{"@type":"WebPage","@id":"https:\/\/emlid.com\/es\/careers\/rnd-developer\/","url":"https:\/\/emlid.com\/es\/careers\/rnd-developer\/","name":"RnD Developer - Emlid Careers at Emlid \u2013 join our team","isPartOf":{"@id":"https:\/\/emlid.com\/es\/#website"},"datePublished":"2025-12-30T10:33:04+00:00","dateModified":"2026-04-13T13:36:49+00:00","description":"Explore all career opportunities at Emlid and apply today. Join our team to make high-precision positioning accessible to all professionals.","breadcrumb":{"@id":"https:\/\/emlid.com\/es\/careers\/rnd-developer\/#breadcrumb"},"inLanguage":"es","potentialAction":[{"@type":"ReadAction","target":["https:\/\/emlid.com\/es\/careers\/rnd-developer\/"]}]},{"@type":"BreadcrumbList","@id":"https:\/\/emlid.com\/es\/careers\/rnd-developer\/#breadcrumb","itemListElement":[{"@type":"ListItem","position":1,"name":"Home","item":"https:\/\/emlid.com\/es\/"},{"@type":"ListItem","position":2,"name":"Careers","item":"https:\/\/emlid.com\/es\/careers\/"},{"@type":"ListItem","position":3,"name":"RnD Developer"}]},{"@type":"WebSite","@id":"https:\/\/emlid.com\/es\/#website","url":"https:\/\/emlid.com\/es\/","name":"Emlid","description":"","publisher":{"@id":"https:\/\/emlid.com\/es\/#organization"},"potentialAction":[{"@type":"SearchAction","target":{"@type":"EntryPoint","urlTemplate":"https:\/\/emlid.com\/es\/?s={search_term_string}"},"query-input":{"@type":"PropertyValueSpecification","valueRequired":true,"valueName":"search_term_string"}}],"inLanguage":"es"},{"@type":"Organization","@id":"https:\/\/emlid.com\/es\/#organization","name":"Emlid Tech Kft.","url":"https:\/\/emlid.com\/es\/","logo":{"@type":"ImageObject","inLanguage":"es","@id":"https:\/\/emlid.com\/es\/#\/schema\/logo\/image\/","url":"https:\/\/emlid.com\/wp-content\/uploads\/2022\/06\/Emlid-HH-logo.jpeg","contentUrl":"https:\/\/emlid.com\/wp-content\/uploads\/2022\/06\/Emlid-HH-logo.jpeg","width":800,"height":800,"caption":"Emlid Tech Kft."},"image":{"@id":"https:\/\/emlid.com\/es\/#\/schema\/logo\/image\/"},"sameAs":["https:\/\/www.facebook.com\/emlidtech","https:\/\/x.com\/emlid","https:\/\/www.instagram.com\/emlid\/","https:\/\/www.linkedin.com\/company\/11513017\/","https:\/\/www.youtube.com\/emlid"],"email":"info@emlid.com","legalName":"Emlid Tech Kft.","vatID":"HU29034316"}]}},"_links":{"self":[{"href":"https:\/\/emlid.com\/es\/wp-json\/wp\/v2\/pages\/38378","targetHints":{"allow":["GET"]}}],"collection":[{"href":"https:\/\/emlid.com\/es\/wp-json\/wp\/v2\/pages"}],"about":[{"href":"https:\/\/emlid.com\/es\/wp-json\/wp\/v2\/types\/page"}],"author":[{"embeddable":true,"href":"https:\/\/emlid.com\/es\/wp-json\/wp\/v2\/users\/7"}],"replies":[{"embeddable":true,"href":"https:\/\/emlid.com\/es\/wp-json\/wp\/v2\/comments?post=38378"}],"version-history":[{"count":0,"href":"https:\/\/emlid.com\/es\/wp-json\/wp\/v2\/pages\/38378\/revisions"}],"up":[{"embeddable":true,"href":"https:\/\/emlid.com\/es\/wp-json\/wp\/v2\/pages\/27770"}],"wp:attachment":[{"href":"https:\/\/emlid.com\/es\/wp-json\/wp\/v2\/media?parent=38378"}],"curies":[{"name":"wp","href":"https:\/\/api.w.org\/{rel}","templated":true}]}}