{"id":29040,"date":"2023-10-17T13:03:13","date_gmt":"2023-10-17T13:03:13","guid":{"rendered":"http:\/\/localhost:10010\/product-designer\/"},"modified":"2025-10-13T10:03:41","modified_gmt":"2025-10-13T10:03:41","slug":"cloud-backend-developer-bud","status":"publish","type":"page","link":"https:\/\/emlid.com\/de\/careers\/cloud-backend-developer-bud\/","title":{"rendered":"Cloud Backend Developer"},"content":{"rendered":"<div class=\"row\">\n<div class=\"col-lg-11 col-md-10 col-sm-10\">\n<div class=\"privacy-block-content\">\n<div class=\"privacy-main-block\">\n<p>At Emlid, we make modern professional geodetic equipment for highly accurate measurements. We develop both hardware and software ourselves, and constantly communicate with our users to gather feedback that inspires us to enhance our products.<\/p>\n<p>Our team is united by a shared interest in research, deep engagement in tasks, and a collective drive for excellence \u2014 and we welcome those who share our values and approach to work.<\/p>\n<p>Now we\u2019re looking for a new <strong>Cloud Backend Developer<\/strong>\u00a0to join our team in Budapest.<!-- notionvc: 31d7e3c4-caa0-483c-b9b3-ad3741f5895d --><\/p>\n<p class=\"mt-16px\"><!-- notionvc: ad20f59a-6dbf-47f1-8607-f0aecb87d927 --><\/p>\n<h3>In this role, you will:<\/h3>\n<ul>\n<li>Develop new and existing web services using Python and Kotlin;<\/li>\n<li>Integrate third-party services and APIs seamlessly;<\/li>\n<li>Write and maintain unit and integration tests using pytest and kotest;<\/li>\n<li>Debug and resolve backend issues and bugs;<\/li>\n<li>Design database for new features and create queries for NoSQL database.<!-- notionvc: bfc3c05c-68d5-4b38-b416-334d57e261cd --><\/li>\n<\/ul>\n<h3>Our tech stack<!-- notionvc: 5d0f0475-7b60-490b-92ab-e753b3cb22aa -->:<\/h3>\n<ul>\n<li>Python, Flask, FastAPI, pytest;<\/li>\n<li>Kotlin, Ktor, kotest;<\/li>\n<li>Auth0, Couchbase, RabbitMQ, Redis, Elasticsearch.<!-- notionvc: bd3f2822-584d-4ff2-9084-d6d58045d6ba --><\/li>\n<\/ul>\n<h3>Examples of tasks<!-- notionvc: 55028b33-8251-4b16-8b09-d48fd4eb4386 -->:<\/h3>\n<ul>\n<li>Develop functionality to generate previews for user projects (screenshot of a map area with user data);<\/li>\n<li>Implement a queuing mechanism to handle webhooks from third-party services;<\/li>\n<li>Add a request for information about the user&#8217;s subscription status from a third-party service at each login;<\/li>\n<li>Develop a billing module for an existing web service.<!-- notionvc: ee818591-7894-4ada-a885-976968367acb --><\/li>\n<\/ul>\n<h3>Requirements<!-- notionvc: 9a766ca7-0ea0-4051-92e4-2bd578c89081 -->:<\/h3>\n<ul>\n<li>Experience with Python;<\/li>\n<li>Experience in backend development for web services;<\/li>\n<li>Hands-on experience with Docker;<\/li>\n<li>Understanding of Kubernetes;<\/li>\n<li>Familiarity with Linux operating systems;<\/li>\n<li>Proficiency in spoken and written English at an Upper-intermediate (B2) level or higher.<\/li>\n<\/ul>\n<h3>Your advantage would be:<\/h3>\n<ul>\n<li>Knowledge of Kotlin or any other programming languages;<\/li>\n<li>A degree in Computer Science or Software Engineering.<\/li>\n<\/ul>\n<h3>What we offer:<\/h3>\n<ul>\n<li>Private health insurance coverage\u00a0\u2014 We provide private health care insurance after the probation period, ensuring easy access to doctors and the care you need.<\/li>\n<li>Monthly public transport pass compensation\u00a0\u2014 We cover your commute expenses to make getting to work easy.<\/li>\n<li>Flexible start time for working hours\u00a0\u2014 We understand that everyone has different schedules, so you can start your workday anytime before 12 pm.<\/li>\n<li>Streamlined processes \u2014 Only focused, purposeful meetings and clear workflows, so you can actually get things done.<\/li>\n<li>Growth and development \u2014 We encourage your professional journey by offering learning opportunities, mentorship, and space to take on new challenges.<\/li>\n<li>Modern office\u00a0\u2014 A comfortable, hi-tech workspace near \u24c2\ufe0f G\u00f6ncz \u00c1rp\u00e1d v\u00e1rosk\u00f6zpont, fully equipped with everything you need to work at your best.<\/li>\n<li>English speaking club\u00a0\u2014 Practice your English, connect with teammates, and enjoy fun, friendly sessions on a variety of engaging topics.<\/li>\n<li>Sport activities\u00a0\u2014 We organize yoga, football, and volleyball activities so you can relax and recharge.<\/li>\n<li>Team events \u2014 We work hard and celebrate together! We love spending time outside of work, whether it\u2019s a casual gathering or a bigger team event.<\/li>\n<\/ul>\n<p><!-- notionvc: 868d02ee-9204-43c9-a81a-abf6a82f305b --><\/p>\n<p>&nbsp;<\/p>\n<p>Ready to join our team?<br \/>\nSend your application to\u00a0<a href=\"mailto:hr@emlid.com\">hr@emlid.com<\/a>.<!-- notionvc: 87cb5230-2922-4c33-9813-20a09e8898a0 --><\/p>\n<\/div>\n<\/div>\n<\/div>\n<\/div>\n","protected":false},"excerpt":{"rendered":"<p>At Emlid, we make modern professional geodetic equipment for highly accurate measurements. We develop both hardware and software ourselves, and constantly communicate with our users to gather feedback that inspires us to enhance our products. Our team is united by a shared interest in research, deep engagement in tasks, and a collective drive for excellence [&hellip;]<\/p>\n","protected":false},"featured_media":0,"parent":29043,"menu_order":0,"comment_status":"closed","ping_status":"closed","template":"","meta":{"footnotes":""},"class_list":["post-29040","page","type-page","status-publish","hentry"],"acf":[],"yoast_head":"<!-- This site is optimized with the Yoast SEO Premium plugin v26.3 (Yoast SEO v27.3) - https:\/\/yoast.com\/product\/yoast-seo-premium-wordpress\/ -->\n<title>Careers at Emlid \u2013 join our team<\/title>\n<meta name=\"description\" content=\"Explore all career opportunities at Emlid and apply today. Join our team to make high-precision positioning accessible to all professionals.\" \/>\n<meta name=\"robots\" content=\"index, follow, max-snippet:-1, max-image-preview:large, max-video-preview:-1\" \/>\n<link rel=\"canonical\" href=\"https:\/\/emlid.com\/de\/careers\/cloud-backend-developer-bud\/\" \/>\n<meta property=\"og:locale\" content=\"de_DE\" \/>\n<meta property=\"og:type\" content=\"article\" \/>\n<meta property=\"og:title\" content=\"Cloud Backend Developer\" \/>\n<meta property=\"og:description\" content=\"Explore all career opportunities at Emlid and apply today. Join our team to make high-precision positioning accessible to all professionals.\" \/>\n<meta property=\"og:url\" content=\"https:\/\/emlid.com\/de\/careers\/cloud-backend-developer-bud\/\" \/>\n<meta property=\"og:site_name\" content=\"Emlid\" \/>\n<meta property=\"article:publisher\" content=\"https:\/\/www.facebook.com\/emlidtech\" \/>\n<meta property=\"article:modified_time\" content=\"2025-10-13T10:03:41+00:00\" \/>\n<meta name=\"twitter:card\" content=\"summary_large_image\" \/>\n<meta name=\"twitter:site\" content=\"@emlid\" \/>\n<meta name=\"twitter:label1\" content=\"Gesch\u00e4tzte Lesezeit\" \/>\n\t<meta name=\"twitter:data1\" content=\"2\u00a0Minuten\" \/>\n<script type=\"application\/ld+json\" class=\"yoast-schema-graph\">{\"@context\":\"https:\/\/schema.org\",\"@graph\":[{\"@type\":\"WebPage\",\"@id\":\"https:\/\/emlid.com\/de\/careers\/cloud-backend-developer-bud\/\",\"url\":\"https:\/\/emlid.com\/de\/careers\/cloud-backend-developer-bud\/\",\"name\":\"Careers at Emlid \u2013 join our team\",\"isPartOf\":{\"@id\":\"https:\/\/emlid.com\/de\/#website\"},\"datePublished\":\"2023-10-17T13:03:13+00:00\",\"dateModified\":\"2025-10-13T10:03:41+00:00\",\"description\":\"Explore all career opportunities at Emlid and apply today. Join our team to make high-precision positioning accessible to all professionals.\",\"breadcrumb\":{\"@id\":\"https:\/\/emlid.com\/de\/careers\/cloud-backend-developer-bud\/#breadcrumb\"},\"inLanguage\":\"de\",\"potentialAction\":[{\"@type\":\"ReadAction\",\"target\":[\"https:\/\/emlid.com\/de\/careers\/cloud-backend-developer-bud\/\"]}]},{\"@type\":\"BreadcrumbList\",\"@id\":\"https:\/\/emlid.com\/de\/careers\/cloud-backend-developer-bud\/#breadcrumb\",\"itemListElement\":[{\"@type\":\"ListItem\",\"position\":1,\"name\":\"Home\",\"item\":\"https:\/\/emlid.com\/de\/\"},{\"@type\":\"ListItem\",\"position\":2,\"name\":\"Careers\",\"item\":\"https:\/\/emlid.com\/de\/careers\/\"},{\"@type\":\"ListItem\",\"position\":3,\"name\":\"Cloud Backend Developer\"}]},{\"@type\":\"WebSite\",\"@id\":\"https:\/\/emlid.com\/de\/#website\",\"url\":\"https:\/\/emlid.com\/de\/\",\"name\":\"Emlid\",\"description\":\"\",\"publisher\":{\"@id\":\"https:\/\/emlid.com\/de\/#organization\"},\"potentialAction\":[{\"@type\":\"SearchAction\",\"target\":{\"@type\":\"EntryPoint\",\"urlTemplate\":\"https:\/\/emlid.com\/de\/?s={search_term_string}\"},\"query-input\":{\"@type\":\"PropertyValueSpecification\",\"valueRequired\":true,\"valueName\":\"search_term_string\"}}],\"inLanguage\":\"de\"},{\"@type\":\"Organization\",\"@id\":\"https:\/\/emlid.com\/de\/#organization\",\"name\":\"Emlid Tech Kft.\",\"url\":\"https:\/\/emlid.com\/de\/\",\"logo\":{\"@type\":\"ImageObject\",\"inLanguage\":\"de\",\"@id\":\"https:\/\/emlid.com\/de\/#\/schema\/logo\/image\/\",\"url\":\"https:\/\/emlid.com\/wp-content\/uploads\/2022\/06\/Emlid-HH-logo.jpeg\",\"contentUrl\":\"https:\/\/emlid.com\/wp-content\/uploads\/2022\/06\/Emlid-HH-logo.jpeg\",\"width\":800,\"height\":800,\"caption\":\"Emlid Tech Kft.\"},\"image\":{\"@id\":\"https:\/\/emlid.com\/de\/#\/schema\/logo\/image\/\"},\"sameAs\":[\"https:\/\/www.facebook.com\/emlidtech\",\"https:\/\/x.com\/emlid\",\"https:\/\/www.instagram.com\/emlid\/\",\"https:\/\/www.linkedin.com\/company\/11513017\/\",\"https:\/\/www.youtube.com\/emlid\"],\"email\":\"info@emlid.com\",\"legalName\":\"Emlid Tech Kft.\",\"vatID\":\"HU29034316\"}]}<\/script>\n<!-- \/ Yoast SEO Premium plugin. -->","yoast_head_json":{"title":"Careers at Emlid \u2013 join our team","description":"Explore all career opportunities at Emlid and apply today. Join our team to make high-precision positioning accessible to all professionals.","robots":{"index":"index","follow":"follow","max-snippet":"max-snippet:-1","max-image-preview":"max-image-preview:large","max-video-preview":"max-video-preview:-1"},"canonical":"https:\/\/emlid.com\/de\/careers\/cloud-backend-developer-bud\/","og_locale":"de_DE","og_type":"article","og_title":"Cloud Backend Developer","og_description":"Explore all career opportunities at Emlid and apply today. Join our team to make high-precision positioning accessible to all professionals.","og_url":"https:\/\/emlid.com\/de\/careers\/cloud-backend-developer-bud\/","og_site_name":"Emlid","article_publisher":"https:\/\/www.facebook.com\/emlidtech","article_modified_time":"2025-10-13T10:03:41+00:00","twitter_card":"summary_large_image","twitter_site":"@emlid","twitter_misc":{"Gesch\u00e4tzte Lesezeit":"2\u00a0Minuten"},"schema":{"@context":"https:\/\/schema.org","@graph":[{"@type":"WebPage","@id":"https:\/\/emlid.com\/de\/careers\/cloud-backend-developer-bud\/","url":"https:\/\/emlid.com\/de\/careers\/cloud-backend-developer-bud\/","name":"Careers at Emlid \u2013 join our team","isPartOf":{"@id":"https:\/\/emlid.com\/de\/#website"},"datePublished":"2023-10-17T13:03:13+00:00","dateModified":"2025-10-13T10:03:41+00:00","description":"Explore all career opportunities at Emlid and apply today. Join our team to make high-precision positioning accessible to all professionals.","breadcrumb":{"@id":"https:\/\/emlid.com\/de\/careers\/cloud-backend-developer-bud\/#breadcrumb"},"inLanguage":"de","potentialAction":[{"@type":"ReadAction","target":["https:\/\/emlid.com\/de\/careers\/cloud-backend-developer-bud\/"]}]},{"@type":"BreadcrumbList","@id":"https:\/\/emlid.com\/de\/careers\/cloud-backend-developer-bud\/#breadcrumb","itemListElement":[{"@type":"ListItem","position":1,"name":"Home","item":"https:\/\/emlid.com\/de\/"},{"@type":"ListItem","position":2,"name":"Careers","item":"https:\/\/emlid.com\/de\/careers\/"},{"@type":"ListItem","position":3,"name":"Cloud Backend Developer"}]},{"@type":"WebSite","@id":"https:\/\/emlid.com\/de\/#website","url":"https:\/\/emlid.com\/de\/","name":"Emlid","description":"","publisher":{"@id":"https:\/\/emlid.com\/de\/#organization"},"potentialAction":[{"@type":"SearchAction","target":{"@type":"EntryPoint","urlTemplate":"https:\/\/emlid.com\/de\/?s={search_term_string}"},"query-input":{"@type":"PropertyValueSpecification","valueRequired":true,"valueName":"search_term_string"}}],"inLanguage":"de"},{"@type":"Organization","@id":"https:\/\/emlid.com\/de\/#organization","name":"Emlid Tech Kft.","url":"https:\/\/emlid.com\/de\/","logo":{"@type":"ImageObject","inLanguage":"de","@id":"https:\/\/emlid.com\/de\/#\/schema\/logo\/image\/","url":"https:\/\/emlid.com\/wp-content\/uploads\/2022\/06\/Emlid-HH-logo.jpeg","contentUrl":"https:\/\/emlid.com\/wp-content\/uploads\/2022\/06\/Emlid-HH-logo.jpeg","width":800,"height":800,"caption":"Emlid Tech Kft."},"image":{"@id":"https:\/\/emlid.com\/de\/#\/schema\/logo\/image\/"},"sameAs":["https:\/\/www.facebook.com\/emlidtech","https:\/\/x.com\/emlid","https:\/\/www.instagram.com\/emlid\/","https:\/\/www.linkedin.com\/company\/11513017\/","https:\/\/www.youtube.com\/emlid"],"email":"info@emlid.com","legalName":"Emlid Tech Kft.","vatID":"HU29034316"}]}},"_links":{"self":[{"href":"https:\/\/emlid.com\/de\/wp-json\/wp\/v2\/pages\/29040","targetHints":{"allow":["GET"]}}],"collection":[{"href":"https:\/\/emlid.com\/de\/wp-json\/wp\/v2\/pages"}],"about":[{"href":"https:\/\/emlid.com\/de\/wp-json\/wp\/v2\/types\/page"}],"author":[{"embeddable":true,"href":"https:\/\/emlid.com\/de\/wp-json\/wp\/v2\/users\/7"}],"replies":[{"embeddable":true,"href":"https:\/\/emlid.com\/de\/wp-json\/wp\/v2\/comments?post=29040"}],"version-history":[{"count":0,"href":"https:\/\/emlid.com\/de\/wp-json\/wp\/v2\/pages\/29040\/revisions"}],"up":[{"embeddable":true,"href":"https:\/\/emlid.com\/de\/wp-json\/wp\/v2\/pages\/29043"}],"wp:attachment":[{"href":"https:\/\/emlid.com\/de\/wp-json\/wp\/v2\/media?parent=29040"}],"curies":[{"name":"wp","href":"https:\/\/api.w.org\/{rel}","templated":true}]}}